{"id":88,"date":"2016-04-04T10:40:51","date_gmt":"2016-04-04T08:40:51","guid":{"rendered":"http:\/\/pidder-und-bhreng.de\/?page_id=88"},"modified":"2016-05-04T15:31:09","modified_gmt":"2016-05-04T13:31:09","slug":"line-up-zu-3030","status":"publish","type":"page","link":"http:\/\/pidder-und-bhreng.de\/?page_id=88","title":{"rendered":"30\/30: Line-Up"},"content":{"rendered":"<table>\n<tbody>\n<tr>\n<td>\u21d0 <a href=\"http:\/\/pidder-und-bhreng.de\/?page_id=82\">Album\u00a030\/30<\/a><\/td>\n<td style=\"text-align: right;\"><a href=\"http:\/\/pidder-und-bhreng.de\/?page_id=143\">30\/30 Liederbuch<\/a> \u21d2<\/td>\n<\/tr>\n<\/tbody>\n<\/table>\n<h2>Die Titel:<\/h2>\n<ol>\n<li>Narrisch uff en GTI<br \/>\n<em>Text: Andreas Wessel; Musik: Peter M. Fai\u00dft, Franz-Peter Osterkamp<\/em><\/li>\n<li>Trauma-Blues<br \/>\n<em>Text und Musik: Peter M. Fai\u00dft<\/em><\/li>\n<li>Ich w\u00fcrd&#8216; so gern was f\u00fcr dich schreiben<br \/>\n<em>Text und Musik: Peter M. Fai\u00dft<\/em><\/li>\n<li>Zweifel<br \/>\n<em>Text und Musik: Franz-Peter Osterkamp<\/em><\/li>\n<li>Erjendwo is immer aaner<br \/>\n<em>Text und Musik: Peter M. Fai\u00dft<\/em><\/li>\n<li>Guck der&#8217;s aa<br \/>\n<em>Text und Musik: Franz-Peter Osterkamp<\/em><\/li>\n<li>Naa, isch kann net mehr<br \/>\n<em>Text und Musik: Franz-Peter Osterkamp<\/em><\/li>\n<li>Picklige Jungs<br \/>\n<em>Text und Musik: Franz-Peter Osterkamp<\/em><\/li>\n<li>Die greesde Feind<br \/>\n<em>Text und Musik: Franz-Peter Osterkamp<\/em><\/li>\n<li>Ich mach&#8216; mich ab<br \/>\n<em>Text und Musik: Franz-Peter Osterkamp<\/em><\/li>\n<\/ol>\n<p><strong>Alle Arrangements:<\/strong> Peter M. Fai\u00dft \/ Franz-Peter Osterkamp<\/p>\n<h2>Die Spieler<\/h2>\n<p><strong>Peter M. Fai\u00dft<\/strong> (Pidder): Rhythmus- und Sologitarre, Keyboard, Bass, Midi- und Drumsprogrammierung.<\/p>\n<p><strong>Franz-Peter Osterkamp<\/strong> (Bhreng): Gesang, Stimmen, Tenor-Saxofon, Gitarre, Keyboard, Bass.<\/p>\n<p>&nbsp;<\/p>\n","protected":false},"excerpt":{"rendered":"<p>\u21d0 Album\u00a030\/30 30\/30 Liederbuch \u21d2 Die Titel: Narrisch uff en GTI Text: Andreas Wessel; Musik: Peter M. Fai\u00dft, Franz-Peter Osterkamp Trauma-Blues Text und Musik: Peter M. Fai\u00dft Ich w\u00fcrd&#8216; so gern was f\u00fcr dich schreiben Text und Musik: Peter M. &hellip; <a href=\"http:\/\/pidder-und-bhreng.de\/?page_id=88\">Weiterlesen <span class=\"meta-nav\">&rarr;<\/span><\/a><\/p>\n","protected":false},"author":3,"featured_media":0,"parent":82,"menu_order":0,"comment_status":"closed","ping_status":"closed","template":"","meta":[],"_links":{"self":[{"href":"http:\/\/pidder-und-bhreng.de\/index.php?rest_route=\/wp\/v2\/pages\/88"}],"collection":[{"href":"http:\/\/pidder-und-bhreng.de\/index.php?rest_route=\/wp\/v2\/pages"}],"about":[{"href":"http:\/\/pidder-und-bhreng.de\/index.php?rest_route=\/wp\/v2\/types\/page"}],"author":[{"embeddable":true,"href":"http:\/\/pidder-und-bhreng.de\/index.php?rest_route=\/wp\/v2\/users\/3"}],"replies":[{"embeddable":true,"href":"http:\/\/pidder-und-bhreng.de\/index.php?rest_route=%2Fwp%2Fv2%2Fcomments&post=88"}],"version-history":[{"count":8,"href":"http:\/\/pidder-und-bhreng.de\/index.php?rest_route=\/wp\/v2\/pages\/88\/revisions"}],"predecessor-version":[{"id":333,"href":"http:\/\/pidder-und-bhreng.de\/index.php?rest_route=\/wp\/v2\/pages\/88\/revisions\/333"}],"up":[{"embeddable":true,"href":"http:\/\/pidder-und-bhreng.de\/index.php?rest_route=\/wp\/v2\/pages\/82"}],"wp:attachment":[{"href":"http:\/\/pidder-und-bhreng.de\/index.php?rest_route=%2Fwp%2Fv2%2Fmedia&parent=88"}],"curies":[{"name":"wp","href":"https:\/\/api.w.org\/{rel}","templated":true}]}}