{"id":82,"date":"2016-04-04T11:03:30","date_gmt":"2016-04-04T09:03:30","guid":{"rendered":"http:\/\/pidder-und-bhreng.de\/?page_id=82"},"modified":"2016-04-05T09:51:52","modified_gmt":"2016-04-05T07:51:52","slug":"cd3030","status":"publish","type":"page","link":"http:\/\/pidder-und-bhreng.de\/?page_id=82","title":{"rendered":"30\/30"},"content":{"rendered":"<div style=\"float: left; width: 155px; margin-right: 10px; padding-top: 12px;\"><img decoding=\"async\" loading=\"lazy\" title=\"Cover der CD 30\/30\" src=\"http:\/\/pidder-und-bhreng.de\/wp-content\/uploads\/2016\/02\/frontside_small-150x150.jpg\" alt=\"Coverbild\" width=\"150\" height=\"150\" \/><\/div>\n<p><strong>\u00ab30\/30\u00bb<\/strong> wurde 2014 ver\u00f6ffentlicht. Die CD enth\u00e4lt vor allem \u00e4lteres Material. Zum Teil sind es St\u00fccke, die wir mit unserer fr\u00fcheren gemeinsamen Band <strong>blueslok<\/strong> gespielt, aber f\u00fcr die CD neu arrangiert und\/oder instrumentiert haben. Andere Titel stammen aus unserem jeweils individuellen Songfundus oder entstanden in der Zeit der Aufnahmesessions. Etliche Songs sind in s\u00fcdhessischer Mundart getextet.<\/p>\n<p>Die CD ist eine komplette Eigenproduktion, beginnend mit dem Aufnehmen der Gesangs- und Instrumentaltracks, dem Abmischen und Mastern bis hin zur Covergestaltung, dem Brennen und Bedrucken der CD-Rohlinge und dem Vertrieb. Wir wollten das so, auch wenn diese Vorgehensweise ziemlich zeitraubend war.<\/p>\n<p>F\u00fcr uns sehr erfreulich: Die Startauflage der CD war innerhalb von zwei Wochen verkauft, so dass wir eine zweite Auflage folgen lassen konnten. Von dieser Serie gibt es noch wenige Restexemplare.\u00a0Eine dritte Auflage ist gegenw\u00e4rtig nicht geplant, w\u00fcrde aber bei entsprechender Nachfrage erfolgen.<\/p>\n<p>Den Verkaufserl\u00f6s haben wir komplett an \u00ab\u00c4rzte ohne Grenzen\u00bb \u00fcberwiesen. Auch Einnahmen aus k\u00fcnftigen Verk\u00e4ufen werden an diese Organisation gehen.<\/p>\n<hr \/>\n<h2>Mehr Infos:<\/h2>\n<p><a href=\"http:\/\/pidder-und-bhreng.de\/?page_id=88\">\u21d2 \u00a0Inhalt und Credits<\/a>\u00a0\u21d2\u00a0<a href=\"http:\/\/pidder-und-bhreng.de\/?page_id=143\">Songtexte<\/a><em> (noch unvollst\u00e4ndig&#8230;)<\/em><\/p>\n<p>&nbsp;<\/p>\n","protected":false},"excerpt":{"rendered":"<p>\u00ab30\/30\u00bb wurde 2014 ver\u00f6ffentlicht. Die CD enth\u00e4lt vor allem \u00e4lteres Material. Zum Teil sind es St\u00fccke, die wir mit unserer fr\u00fcheren gemeinsamen Band blueslok gespielt, aber f\u00fcr die CD neu arrangiert und\/oder instrumentiert haben. Andere Titel stammen aus unserem jeweils &hellip; <a href=\"http:\/\/pidder-und-bhreng.de\/?page_id=82\">Weiterlesen <span class=\"meta-nav\">&rarr;<\/span><\/a><\/p>\n","protected":false},"author":3,"featured_media":0,"parent":0,"menu_order":0,"comment_status":"closed","ping_status":"closed","template":"","meta":[],"_links":{"self":[{"href":"http:\/\/pidder-und-bhreng.de\/index.php?rest_route=\/wp\/v2\/pages\/82"}],"collection":[{"href":"http:\/\/pidder-und-bhreng.de\/index.php?rest_route=\/wp\/v2\/pages"}],"about":[{"href":"http:\/\/pidder-und-bhreng.de\/index.php?rest_route=\/wp\/v2\/types\/page"}],"author":[{"embeddable":true,"href":"http:\/\/pidder-und-bhreng.de\/index.php?rest_route=\/wp\/v2\/users\/3"}],"replies":[{"embeddable":true,"href":"http:\/\/pidder-und-bhreng.de\/index.php?rest_route=%2Fwp%2Fv2%2Fcomments&post=82"}],"version-history":[{"count":8,"href":"http:\/\/pidder-und-bhreng.de\/index.php?rest_route=\/wp\/v2\/pages\/82\/revisions"}],"predecessor-version":[{"id":190,"href":"http:\/\/pidder-und-bhreng.de\/index.php?rest_route=\/wp\/v2\/pages\/82\/revisions\/190"}],"wp:attachment":[{"href":"http:\/\/pidder-und-bhreng.de\/index.php?rest_route=%2Fwp%2Fv2%2Fmedia&parent=82"}],"curies":[{"name":"wp","href":"https:\/\/api.w.org\/{rel}","templated":true}]}}