{"id":69,"date":"2016-05-06T16:13:48","date_gmt":"2016-05-06T14:13:48","guid":{"rendered":"http:\/\/pidder-und-bhreng.de\/?page_id=69"},"modified":"2016-05-06T16:20:55","modified_gmt":"2016-05-06T14:20:55","slug":"abendstimmung","status":"publish","type":"page","link":"http:\/\/pidder-und-bhreng.de\/?page_id=69","title":{"rendered":"Abendstimmung"},"content":{"rendered":"<div style=\"margin-bottom: 1em;\">\n<table style=\"height: 40px;\" width=\"584\">\n<tbody>\n<tr>\n<td><span style=\"font-size: 80%;\">Text u. Musik: Peter M. Fai\u00dft<\/span><\/td>\n<td style=\"text-align: right;\">\u21d0 <a href=\"http:\/\/pidder-und-bhreng.de\/?page_id=73\">zum\u00a0Titelverzeichnis<\/a><\/td>\n<\/tr>\n<\/tbody>\n<\/table>\n<\/div>\n<p>Verdamm\u2018 mich oder lieb mich, ich bin so wie ich bin.<br \/>\nDu wirst mich nicht mehr \u00e4ndern, schlag dir das aus dem Sinn!<br \/>\nDie W\u00e4rme zwischen uns beiden muss reichen f\u00fcr den Rest.<br \/>\nDie Jahre die uns bleiben gestalten wir als Fest.<br \/>\nKeine Qu\u00e4lereien &#8211; nur der Abendschein.<br \/>\nGer\u00fcche wie am Sonntag: Lass uns mal zwanzig sein!<\/p>\n<p>Tanz in meine Arme, schwelg in V\u00f6llerei!<br \/>\nSaug den Duft der Liebe mit schnellem Atem ein.<br \/>\nF\u00fchl\u2018 das starke Klammern vor der gro\u00dfen Flut.<br \/>\nHalt\u2018 dich fest mit Eifer, pack mich bei meinem Mut.<br \/>\nWir werden nicht vergehen, wenn der Wind sich dreht.<br \/>\nIch brauche deine Schulter: Es ist nie zu sp\u00e4t!<\/p>\n<p>Sind Sturm und Drang vergangen, reicht sanfter Wellenschlag.<br \/>\nDu zauberst kleine Lichter in jeden tr\u00fcben Tag.<br \/>\nVerdachtsmomente bleiben &#8211; wir blasen sie grad fort.<br \/>\nWo ruht die gro\u00dfe Liebe? Wir finden diesen Ort.<br \/>\nAlle gro\u00dfen Tr\u00e4ume kreisen um uns rum.<br \/>\nDu bist einer von denen f\u00fcr mein Delirium.<\/p>\n<div style=\"margin-bottom: 1em;\">\n<table style=\"height: 40px;\" width=\"584\">\n<tbody>\n<tr>\n<td><span style=\"font-size: 80%;\">Ver\u00f6ffentlicht auf dem Album \u00abPidder &amp; Bhreng &#8211; Zeitzeichen\u00bb (2016)<\/span><\/td>\n<td style=\"text-align: right;\">\u21d0 <a href=\"http:\/\/pidder-und-bhreng.de\/?page_id=73\">zum Titelverzeichnis<\/a><\/td>\n<\/tr>\n<tr>\n<td><span style=\"font-size: 80%;\"><strong>Pidder:<\/strong> Gesang, Schlagzeug, Gitarre<br \/>\n<strong>Bhreng:<\/strong> Piano<\/span><\/td>\n<td style=\"text-align: right;\"><\/td>\n<\/tr>\n<\/tbody>\n<\/table>\n<\/div>\n","protected":false},"excerpt":{"rendered":"<p>Text u. Musik: Peter M. Fai\u00dft \u21d0 zum\u00a0Titelverzeichnis Verdamm\u2018 mich oder lieb mich, ich bin so wie ich bin. Du wirst mich nicht mehr \u00e4ndern, schlag dir das aus dem Sinn! Die W\u00e4rme zwischen uns beiden muss reichen f\u00fcr den &hellip; <a href=\"http:\/\/pidder-und-bhreng.de\/?page_id=69\">Weiterlesen <span class=\"meta-nav\">&rarr;<\/span><\/a><\/p>\n","protected":false},"author":2,"featured_media":0,"parent":0,"menu_order":0,"comment_status":"closed","ping_status":"closed","template":"","meta":[],"_links":{"self":[{"href":"http:\/\/pidder-und-bhreng.de\/index.php?rest_route=\/wp\/v2\/pages\/69"}],"collection":[{"href":"http:\/\/pidder-und-bhreng.de\/index.php?rest_route=\/wp\/v2\/pages"}],"about":[{"href":"http:\/\/pidder-und-bhreng.de\/index.php?rest_route=\/wp\/v2\/types\/page"}],"author":[{"embeddable":true,"href":"http:\/\/pidder-und-bhreng.de\/index.php?rest_route=\/wp\/v2\/users\/2"}],"replies":[{"embeddable":true,"href":"http:\/\/pidder-und-bhreng.de\/index.php?rest_route=%2Fwp%2Fv2%2Fcomments&post=69"}],"version-history":[{"count":6,"href":"http:\/\/pidder-und-bhreng.de\/index.php?rest_route=\/wp\/v2\/pages\/69\/revisions"}],"predecessor-version":[{"id":363,"href":"http:\/\/pidder-und-bhreng.de\/index.php?rest_route=\/wp\/v2\/pages\/69\/revisions\/363"}],"wp:attachment":[{"href":"http:\/\/pidder-und-bhreng.de\/index.php?rest_route=%2Fwp%2Fv2%2Fmedia&parent=69"}],"curies":[{"name":"wp","href":"https:\/\/api.w.org\/{rel}","templated":true}]}}