{"id":56,"date":"2016-03-16T16:09:31","date_gmt":"2016-03-16T15:09:31","guid":{"rendered":"http:\/\/pidder-und-bhreng.de\/?page_id=56"},"modified":"2017-06-12T15:38:57","modified_gmt":"2017-06-12T13:38:57","slug":"pidder-bhreng","status":"publish","type":"page","link":"http:\/\/pidder-und-bhreng.de\/","title":{"rendered":"Pidder &#038; Bhreng"},"content":{"rendered":"<p><strong>Willkommen auf unserer\u00a0\u00aboffiziellen\u00bb Website!.<\/strong><\/p>\n<p>Wir sind zwei Musiker aus Frankfurt am Main und Langen (Hessen), die aus reiner Freude am Musizieren ausschlie\u00dflich eigenes Liedgut im Heimstudio einspielen und produzieren. In gewissen Abst\u00e4nden entstehen dabei CDs, die wir ohne kommerzielles Interesse vertreiben. S\u00e4mtliche Einnahmen aus dem Verkauf gehen nach Abzug der reinen CD-Herstellungskosten als Spende an eine gemeinn\u00fctzige Vereinigung.<\/p>\n<p>Unser erstes Album als <strong>\u00abPidder &amp; Bhreng\u00bb<\/strong> erschien 2014 (<a href=\"http:\/\/pidder-und-bhreng.de\/?page_id=82\">30\/30<\/a>). Seit Mai 2016 gibt es unser zweites Album:\u00a0<a href=\"http:\/\/pidder-und-bhreng.de\/?page_id=50\"><strong>\u00abZeitzeichen\u00bb<\/strong><\/a>! Bei Interesse an der CD meldet euch einfach \u00fcber das <a href=\"http:\/\/pidder-und-bhreng.de\/?page_id=322\">Kontaktformular<\/a>.<\/p>\n<p>&nbsp;<\/p>\n<table>\n<tbody>\n<tr>\n<td width=\"25\"><img decoding=\"async\" loading=\"lazy\" src=\"http:\/\/pidder-und-bhreng.de\/wp-content\/uploads\/2016\/04\/icofacebook.png\" alt=\"Linksymbol\" width=\"16\" height=\"16\" align=\"left\" border=\"0\" \/><\/td>\n<td><a href=\"https:\/\/www.facebook.com\/pidder.und.bhreng\/\" target=\"_blank\" rel=\"noopener noreferrer\">Folge uns doch auch auf facebook!<\/a><br \/>\nOder schicke uns eine Nachricht \u00fcber das <a href=\"http:\/\/pidder-und-bhreng.de\/?page_id=322\">Kontaktformular<\/a>!<\/td>\n<\/tr>\n<\/tbody>\n<\/table>\n<p>&nbsp;<\/p>\n","protected":false},"excerpt":{"rendered":"<p>Willkommen auf unserer\u00a0\u00aboffiziellen\u00bb Website!. Wir sind zwei Musiker aus Frankfurt am Main und Langen (Hessen), die aus reiner Freude am Musizieren ausschlie\u00dflich eigenes Liedgut im Heimstudio einspielen und produzieren. In gewissen Abst\u00e4nden entstehen dabei CDs, die wir ohne kommerzielles Interesse &hellip; <a href=\"http:\/\/pidder-und-bhreng.de\/\">Weiterlesen <span class=\"meta-nav\">&rarr;<\/span><\/a><\/p>\n","protected":false},"author":2,"featured_media":0,"parent":0,"menu_order":0,"comment_status":"closed","ping_status":"closed","template":"sidebar-page.php","meta":[],"_links":{"self":[{"href":"http:\/\/pidder-und-bhreng.de\/index.php?rest_route=\/wp\/v2\/pages\/56"}],"collection":[{"href":"http:\/\/pidder-und-bhreng.de\/index.php?rest_route=\/wp\/v2\/pages"}],"about":[{"href":"http:\/\/pidder-und-bhreng.de\/index.php?rest_route=\/wp\/v2\/types\/page"}],"author":[{"embeddable":true,"href":"http:\/\/pidder-und-bhreng.de\/index.php?rest_route=\/wp\/v2\/users\/2"}],"replies":[{"embeddable":true,"href":"http:\/\/pidder-und-bhreng.de\/index.php?rest_route=%2Fwp%2Fv2%2Fcomments&post=56"}],"version-history":[{"count":14,"href":"http:\/\/pidder-und-bhreng.de\/index.php?rest_route=\/wp\/v2\/pages\/56\/revisions"}],"predecessor-version":[{"id":135,"href":"http:\/\/pidder-und-bhreng.de\/index.php?rest_route=\/wp\/v2\/pages\/56\/revisions\/135"}],"wp:attachment":[{"href":"http:\/\/pidder-und-bhreng.de\/index.php?rest_route=%2Fwp%2Fv2%2Fmedia&parent=56"}],"curies":[{"name":"wp","href":"https:\/\/api.w.org\/{rel}","templated":true}]}}