{"id":50,"date":"2016-03-16T14:02:32","date_gmt":"2016-03-16T13:02:32","guid":{"rendered":"http:\/\/pidder-und-bhreng.de\/?page_id=50"},"modified":"2017-01-23T15:21:02","modified_gmt":"2017-01-23T14:21:02","slug":"die-neue-cd","status":"publish","type":"page","link":"http:\/\/pidder-und-bhreng.de\/?page_id=50","title":{"rendered":"ZEITZEICHEN"},"content":{"rendered":"<div style=\"float: left; width: 320px; height: 340px; padding-top: 8px;\"><img decoding=\"async\" loading=\"lazy\" title=\"Cover des Albums ZEITZEICHEN\" src=\"http:\/\/pidder-und-bhreng.de\/wp-content\/uploads\/2016\/05\/zz_cover_reduced-300x298.jpg\" alt=\"Zeitzeichen - Cover\" width=\"300\" height=\"298\" \/><\/div>\n<p>Zwei Jahre hat&#8217;s gebraucht, bis wir\u00a0unser Album <strong>\u00abZeitzeichen\u00bb<\/strong> zum Abschluss gebracht haben. Zw\u00f6lf bisher noch nicht ver\u00f6ffentlichte Lieder haben es auf diese CD geschafft.<br \/>\nAlle St\u00fccke sind von uns geschrieben, und wieder haben wir alle Instrumente selbst eingespielt.<\/p>\n<p style=\"font-size: 80%;\">Mehr Infos zu diesem\u00a0Album hier z. B. im <a href=\"http:\/\/pidder-und-bhreng.de\/?page_id=73\">Titelverzeichnis<\/a>, \u00fcber das ihr auch alle Liedtexte erreichen k\u00f6nnt; in den <a href=\"http:\/\/pidder-und-bhreng.de\/?page_id=355\">Liner-Notes<\/a> schreiben wir ein paar Takte zum Inhalt und zum Charakter der einzelnen St\u00fccke. Au\u00dferdem k\u00f6nnt ihr einen ersten Eindruck von Zeitzeichen im <a href=\"http:\/\/pidder-und-bhreng.de\/?page_id=385\">Dreiminuten-Trailer<\/a> gewinnen&#8230;<\/p>\n<p>Das Album ist seit\u00a0Mai 2016 ausschlie\u00dflich \u00fcber uns im Privatverkauf erh\u00e4ltlich. Wir haben weiterhin keinerlei kommerzielle Ambitionen und werden den\u00a0Erl\u00f6s nach Abzug der reinen Herstellungskosten wieder an \u00ab\u00c4rzte ohne Grenzen\u00bb spenden.\u00a0Bezugsm\u00f6glichkeiten nennen wir euch gern, verwendet dazu am Besten unser <a href=\"http:\/\/pidder-und-bhreng.de\/?page_id=322\">Kontaktformular<\/a>.<\/p>\n","protected":false},"excerpt":{"rendered":"<p>Zwei Jahre hat&#8217;s gebraucht, bis wir\u00a0unser Album \u00abZeitzeichen\u00bb zum Abschluss gebracht haben. Zw\u00f6lf bisher noch nicht ver\u00f6ffentlichte Lieder haben es auf diese CD geschafft. Alle St\u00fccke sind von uns geschrieben, und wieder haben wir alle Instrumente selbst eingespielt. Mehr Infos &hellip; <a href=\"http:\/\/pidder-und-bhreng.de\/?page_id=50\">Weiterlesen <span class=\"meta-nav\">&rarr;<\/span><\/a><\/p>\n","protected":false},"author":2,"featured_media":0,"parent":0,"menu_order":0,"comment_status":"closed","ping_status":"closed","template":"","meta":[],"_links":{"self":[{"href":"http:\/\/pidder-und-bhreng.de\/index.php?rest_route=\/wp\/v2\/pages\/50"}],"collection":[{"href":"http:\/\/pidder-und-bhreng.de\/index.php?rest_route=\/wp\/v2\/pages"}],"about":[{"href":"http:\/\/pidder-und-bhreng.de\/index.php?rest_route=\/wp\/v2\/types\/page"}],"author":[{"embeddable":true,"href":"http:\/\/pidder-und-bhreng.de\/index.php?rest_route=\/wp\/v2\/users\/2"}],"replies":[{"embeddable":true,"href":"http:\/\/pidder-und-bhreng.de\/index.php?rest_route=%2Fwp%2Fv2%2Fcomments&post=50"}],"version-history":[{"count":8,"href":"http:\/\/pidder-und-bhreng.de\/index.php?rest_route=\/wp\/v2\/pages\/50\/revisions"}],"predecessor-version":[{"id":469,"href":"http:\/\/pidder-und-bhreng.de\/index.php?rest_route=\/wp\/v2\/pages\/50\/revisions\/469"}],"wp:attachment":[{"href":"http:\/\/pidder-und-bhreng.de\/index.php?rest_route=%2Fwp%2Fv2%2Fmedia&parent=50"}],"curies":[{"name":"wp","href":"https:\/\/api.w.org\/{rel}","templated":true}]}}