{"id":407,"date":"2016-05-09T16:15:36","date_gmt":"2016-05-09T14:15:36","guid":{"rendered":"http:\/\/pidder-und-bhreng.de\/?page_id=407"},"modified":"2016-05-09T16:15:36","modified_gmt":"2016-05-09T14:15:36","slug":"helikopter-mama","status":"publish","type":"page","link":"http:\/\/pidder-und-bhreng.de\/?page_id=407","title":{"rendered":"Helikopter Mama"},"content":{"rendered":"<div style=\"margin-bottom: 1em;\">\n<table style=\"height: 40px;\" width=\"584\">\n<tbody>\n<tr>\n<td><span style=\"font-size: 80%;\">Text u. Musik: Franz-Peter Osterkamp<\/span><\/td>\n<td style=\"text-align: right;\">\u21d0 <a href=\"http:\/\/pidder-und-bhreng.de\/?page_id=73\">zum\u00a0Titelverzeichnis<\/a><\/td>\n<\/tr>\n<\/tbody>\n<\/table>\n<\/div>\n<p>Helikopter Mama hat st\u00e4ndig Flugbereitschaft,<br \/>\ndenn sie muss sehen, was ihr kleiner Prinz so anstellt<br \/>\nbei Tante Frieda in der Kita<br \/>\noder drau\u00dfen in gro\u00dfen, weiten Welt.<br \/>\nHelikopter Mama ist stets voller Sorgen<br \/>\num des kleinen Prinzen Leib- und Seelenwohl.<br \/>\nSie k\u00fcmmert heute sich und morgen,<br \/>\nauch wenn sie sich gar nicht k\u00fcmmern soll.<\/p>\n<p>Helikopter Mama,<br \/>\ndu bist so wunderbar!<br \/>\nDa, wo du einschwebst,<br \/>\nmachst du sofort alles klar!<br \/>\nHelikopter Mama,<br \/>\ndu machst das wirklich fein!<br \/>\nUnd dein kleines Prinzchen<br \/>\nwird dir ewig dankbar sein.<\/p>\n<p>Helikopter Mama bringt das Mathe-Heft zur Schule,<br \/>\nwenn es der kleine Prinz vergessen hat.<br \/>\nOder auch einmal zur Not<br \/>\ndas Pausenbrot.<br \/>\nUnd woll\u2019n die b\u00f6sen Lehrer das Prinzchen nicht versetzen,<br \/>\nsteht die Mama mit dem Anwalt sofort vor der T\u00fcr<br \/>\ndes Direktors und ganz schnell wird aus ner F\u00fcnf ne Vier.<\/p>\n<p>Helikopter Mama, du bist \u2026<\/p>\n<p>Und eines sch\u00f6nen Tages<br \/>\nist Helikopter Mama ganz allein.<br \/>\nSie sitzt traurig in der K\u00fcche<br \/>\nund singt \u201eH\u00e4nschen klein\u201c.<\/p>\n<div style=\"margin-bottom: 1em;\">\n<table style=\"height: 40px;\" width=\"584\">\n<tbody>\n<tr>\n<td><span style=\"font-size: 80%;\">Ver\u00f6ffentlicht auf dem Album \u00abPidder &amp; Bhreng &#8211; Zeitzeichen\u00bb (2016)<\/span><\/td>\n<td style=\"text-align: right;\">\u21d0 <a href=\"http:\/\/pidder-und-bhreng.de\/?page_id=73\">zum Titelverzeichnis<\/a><\/td>\n<\/tr>\n<tr>\n<td><span style=\"font-size: 80%;\"><strong>Pidder:<\/strong>\u00a0Schlagzeug,\u00a0Rhythmus- u. Sologitarre<br \/>\n<strong>Bhreng:<\/strong> Gesang, Stimmen, Piano, Bass<\/span><\/td>\n<td style=\"text-align: right;\"><\/td>\n<\/tr>\n<\/tbody>\n<\/table>\n<\/div>\n","protected":false},"excerpt":{"rendered":"<p>Text u. Musik: Franz-Peter Osterkamp \u21d0 zum\u00a0Titelverzeichnis Helikopter Mama hat st\u00e4ndig Flugbereitschaft, denn sie muss sehen, was ihr kleiner Prinz so anstellt bei Tante Frieda in der Kita oder drau\u00dfen in gro\u00dfen, weiten Welt. Helikopter Mama ist stets voller Sorgen &hellip; <a href=\"http:\/\/pidder-und-bhreng.de\/?page_id=407\">Weiterlesen <span class=\"meta-nav\">&rarr;<\/span><\/a><\/p>\n","protected":false},"author":2,"featured_media":0,"parent":0,"menu_order":0,"comment_status":"closed","ping_status":"closed","template":"","meta":[],"_links":{"self":[{"href":"http:\/\/pidder-und-bhreng.de\/index.php?rest_route=\/wp\/v2\/pages\/407"}],"collection":[{"href":"http:\/\/pidder-und-bhreng.de\/index.php?rest_route=\/wp\/v2\/pages"}],"about":[{"href":"http:\/\/pidder-und-bhreng.de\/index.php?rest_route=\/wp\/v2\/types\/page"}],"author":[{"embeddable":true,"href":"http:\/\/pidder-und-bhreng.de\/index.php?rest_route=\/wp\/v2\/users\/2"}],"replies":[{"embeddable":true,"href":"http:\/\/pidder-und-bhreng.de\/index.php?rest_route=%2Fwp%2Fv2%2Fcomments&post=407"}],"version-history":[{"count":1,"href":"http:\/\/pidder-und-bhreng.de\/index.php?rest_route=\/wp\/v2\/pages\/407\/revisions"}],"predecessor-version":[{"id":408,"href":"http:\/\/pidder-und-bhreng.de\/index.php?rest_route=\/wp\/v2\/pages\/407\/revisions\/408"}],"wp:attachment":[{"href":"http:\/\/pidder-und-bhreng.de\/index.php?rest_route=%2Fwp%2Fv2%2Fmedia&parent=407"}],"curies":[{"name":"wp","href":"https:\/\/api.w.org\/{rel}","templated":true}]}}