{"id":355,"date":"2016-05-08T19:38:45","date_gmt":"2016-05-08T17:38:45","guid":{"rendered":"http:\/\/pidder-und-bhreng.de\/?page_id=355"},"modified":"2016-05-11T15:40:22","modified_gmt":"2016-05-11T13:40:22","slug":"zeitzeichen-liner-notes","status":"publish","type":"page","link":"http:\/\/pidder-und-bhreng.de\/?page_id=355","title":{"rendered":"Zeitzeichen &#8211; Liner Notes"},"content":{"rendered":"<div style=\"background-color: #f0f0f0; margin-left: 5px; margin-top: 8px; padding-top: 8px; float: right; width: 155px; font-size: 80%;\">\n<ul>\n<li><a href=\"http:\/\/pidder-und-bhreng.de\/?page_id=50\">Album Zeitzeichen<\/a><\/li>\n<li><a href=\"http:\/\/pidder-und-bhreng.de\/?page_id=73\">Line-Up<\/a><\/li>\n<li><a href=\"http:\/\/pidder-und-bhreng.de\/?page_id=385\">Video-Trailer<\/a><\/li>\n<\/ul>\n<\/div>\n<p>Wir haben uns in unseren Songtexten schon immer mit dem auseinandergesetzt, was mit uns und um uns herum so alles passiert \u2013 privat, gesellschaftlich, politisch. Der moralische Zeigefinger war dabei nie unser Ding. Besserwisserei liegt uns nicht, wohl aber der ungetr\u00fcbte Blick auf die kleinen und gro\u00dfen Irrungen und Wirrungen des Daseins.<\/p>\n<div style=\"margin-left: 5px; padding-top: 8px; float: right; width: 155px;\"><img decoding=\"async\" loading=\"lazy\" src=\"http:\/\/pidder-und-bhreng.de\/wp-content\/uploads\/2016\/05\/zz_cover_reduced-150x150.jpg\" alt=\"Zeitzeichen - Cover\" width=\"150\" height=\"150\" align=\"left\" \/><\/div>\n<p>Unser Album \u201e<strong>Zeitzeichen<\/strong>\u201c setzt das fort. St\u00fccke wie <em>\u201eHey du\u201c, \u201eLetzte Nacht\u201c<\/em> oder <em>\u201eAbendstimmung\u201c<\/em> ber\u00fchren eher private Erfahrungen, die aber wohl jede(r) so oder so \u00e4hnlich gemacht hat.<br \/>\nSongs wie <em>\u201eGaladiner\u201c, \u201eHelikopter Mama\u201c, \u201eDrei-Streifen-Jan\u201c<\/em> und <em>\u201eTalkshow\u201c<\/em> besch\u00e4ftigen sich satirisch-ironisch mit Alltagsbeobachtungen oder gesellschaftlichen Gepflogenheiten, wenn nicht sogar Trends.<br \/>\nReine Spa\u00dfnummern sind <em>\u201eBahn fahn\u201c<\/em> und <em>\u201eSchwarzwaldm\u00e4del\u201c<\/em>. Hier geht\u2019s ums allseits beliebte Bahn-Bashing beziehungsweise Motive des bundesdeutschen Heimatfilms der 50er Jahre des letzten Jahrhunderts.<br \/>\nUnd mit den Titeln <em>\u201eIch steh auf Blues\u201c<\/em> oder dem<em> \u201eBlues der sp\u00e4ten Jahre\u201c<\/em> greifen wir auf unsere musikalischen Wurzeln zur\u00fcck.<br \/>\nSchlie\u00dflich hat sich jeder von uns auf dem Album einen kleinen Traum erf\u00fcllt. Pidder wollte schon immer mal bei einem St\u00fcck 36 Gitarren (oder so) gleichzeitig spielen \u2013 bei<em> \u201eAn der Ecke der Zeit\u201c<\/em> hat er\u2019s (fast so) gemacht. Bhreng hingegen hatte sich schon seit Jahrzehnten vorgenommen, irgendwann einmal einen A-capella-Titel zu schreiben und alle Stimmen selbst einzusingen. Das Ergebnis:<em> \u201eTalkshow\u201c<\/em>.<\/p>\n<p>Die Produktion des Albums hat satte zwei Jahre gedauert, von der ersten Einspielung bis zum finalen Mastering. Ein ganz besonderes Dankesch\u00f6n geht in diesem Zusammenhang an <a href=\"http:\/\/pidder-und-bhreng.de\/?page_id=410\">G\u00fcnner (G\u00fcnter Laute)<\/a> und den ziemlich ramponierten \u00c4rmel seines ehemaligen Lieblingsstreifenhemds \u2013 beide haben ihren Teil zur grafischen Gestaltung des CD-Covers beigetragen!<\/p>\n<hr \/>\n<p>&nbsp;<\/p>\n","protected":false},"excerpt":{"rendered":"<p>Album Zeitzeichen Line-Up Video-Trailer Wir haben uns in unseren Songtexten schon immer mit dem auseinandergesetzt, was mit uns und um uns herum so alles passiert \u2013 privat, gesellschaftlich, politisch. Der moralische Zeigefinger war dabei nie unser Ding. Besserwisserei liegt uns &hellip; <a href=\"http:\/\/pidder-und-bhreng.de\/?page_id=355\">Weiterlesen <span class=\"meta-nav\">&rarr;<\/span><\/a><\/p>\n","protected":false},"author":2,"featured_media":0,"parent":50,"menu_order":1,"comment_status":"closed","ping_status":"closed","template":"","meta":[],"_links":{"self":[{"href":"http:\/\/pidder-und-bhreng.de\/index.php?rest_route=\/wp\/v2\/pages\/355"}],"collection":[{"href":"http:\/\/pidder-und-bhreng.de\/index.php?rest_route=\/wp\/v2\/pages"}],"about":[{"href":"http:\/\/pidder-und-bhreng.de\/index.php?rest_route=\/wp\/v2\/types\/page"}],"author":[{"embeddable":true,"href":"http:\/\/pidder-und-bhreng.de\/index.php?rest_route=\/wp\/v2\/users\/2"}],"replies":[{"embeddable":true,"href":"http:\/\/pidder-und-bhreng.de\/index.php?rest_route=%2Fwp%2Fv2%2Fcomments&post=355"}],"version-history":[{"count":11,"href":"http:\/\/pidder-und-bhreng.de\/index.php?rest_route=\/wp\/v2\/pages\/355\/revisions"}],"predecessor-version":[{"id":357,"href":"http:\/\/pidder-und-bhreng.de\/index.php?rest_route=\/wp\/v2\/pages\/355\/revisions\/357"}],"up":[{"embeddable":true,"href":"http:\/\/pidder-und-bhreng.de\/index.php?rest_route=\/wp\/v2\/pages\/50"}],"wp:attachment":[{"href":"http:\/\/pidder-und-bhreng.de\/index.php?rest_route=%2Fwp%2Fv2%2Fmedia&parent=355"}],"curies":[{"name":"wp","href":"https:\/\/api.w.org\/{rel}","templated":true}]}}