{"id":322,"date":"2016-05-03T10:04:05","date_gmt":"2016-05-03T08:04:05","guid":{"rendered":"http:\/\/pidder-und-bhreng.de\/?page_id=322"},"modified":"2018-05-15T08:46:31","modified_gmt":"2018-05-15T06:46:31","slug":"kontaktformular","status":"publish","type":"page","link":"http:\/\/pidder-und-bhreng.de\/?page_id=322","title":{"rendered":"Kontaktformular"},"content":{"rendered":"<h1>Zur Zeit au\u00dfer Betrieb!<\/h1>\n<p>Ab 25. Mai 2018 gilt EU-weit die neue <strong>DSGVO<\/strong>. Diese schreibt unter anderem vor, dass personenbezogene Daten verschl\u00fcsselt zur Website \u00fcbertragen werden m\u00fcssen.<\/p>\n<p>Aus technischen Gr\u00fcnden sind wir aktuell nicht in der Lage, diesen Anspruch zu erf\u00fcllen. Deshalb entf\u00e4llt hier die M\u00f6glichkeit der Kontakaufnahme \u00fcber ein Formular.<\/p>\n<p>Kontaktaufnahme bitte \u00fcber E-Mail an contact@pidder-und-bhreng.de<\/p>\n<p>Vielen Dank f\u00fcr euer Verst\u00e4ndnis!<\/p>\n<p>&nbsp;<\/p>\n","protected":false},"excerpt":{"rendered":"<p>Zur Zeit au\u00dfer Betrieb! Ab 25. Mai 2018 gilt EU-weit die neue DSGVO. Diese schreibt unter anderem vor, dass personenbezogene Daten verschl\u00fcsselt zur Website \u00fcbertragen werden m\u00fcssen. Aus technischen Gr\u00fcnden sind wir aktuell nicht in der Lage, diesen Anspruch zu &hellip; <a href=\"http:\/\/pidder-und-bhreng.de\/?page_id=322\">Weiterlesen <span class=\"meta-nav\">&rarr;<\/span><\/a><\/p>\n","protected":false},"author":2,"featured_media":0,"parent":161,"menu_order":0,"comment_status":"closed","ping_status":"closed","template":"","meta":[],"_links":{"self":[{"href":"http:\/\/pidder-und-bhreng.de\/index.php?rest_route=\/wp\/v2\/pages\/322"}],"collection":[{"href":"http:\/\/pidder-und-bhreng.de\/index.php?rest_route=\/wp\/v2\/pages"}],"about":[{"href":"http:\/\/pidder-und-bhreng.de\/index.php?rest_route=\/wp\/v2\/types\/page"}],"author":[{"embeddable":true,"href":"http:\/\/pidder-und-bhreng.de\/index.php?rest_route=\/wp\/v2\/users\/2"}],"replies":[{"embeddable":true,"href":"http:\/\/pidder-und-bhreng.de\/index.php?rest_route=%2Fwp%2Fv2%2Fcomments&post=322"}],"version-history":[{"count":6,"href":"http:\/\/pidder-und-bhreng.de\/index.php?rest_route=\/wp\/v2\/pages\/322\/revisions"}],"predecessor-version":[{"id":481,"href":"http:\/\/pidder-und-bhreng.de\/index.php?rest_route=\/wp\/v2\/pages\/322\/revisions\/481"}],"up":[{"embeddable":true,"href":"http:\/\/pidder-und-bhreng.de\/index.php?rest_route=\/wp\/v2\/pages\/161"}],"wp:attachment":[{"href":"http:\/\/pidder-und-bhreng.de\/index.php?rest_route=%2Fwp%2Fv2%2Fmedia&parent=322"}],"curies":[{"name":"wp","href":"https:\/\/api.w.org\/{rel}","templated":true}]}}