{"id":309,"date":"2016-05-06T16:24:21","date_gmt":"2016-05-06T14:24:21","guid":{"rendered":"http:\/\/pidder-und-bhreng.de\/?page_id=309"},"modified":"2016-05-06T16:24:21","modified_gmt":"2016-05-06T14:24:21","slug":"blues-der-spaeten-jahre","status":"publish","type":"page","link":"http:\/\/pidder-und-bhreng.de\/?page_id=309","title":{"rendered":"Blues der sp\u00e4ten Jahre"},"content":{"rendered":"<div style=\"margin-bottom: 1em;\">\n<table style=\"height: 40px;\" width=\"584\">\n<tbody>\n<tr>\n<td><span style=\"font-size: 80%;\">Text u. Musik: Franz-Peter Osterkamp<\/span><\/td>\n<td style=\"text-align: right;\">\u21d0 <a href=\"http:\/\/pidder-und-bhreng.de\/?page_id=73\">Zum Titelverzeichnis<\/a><\/td>\n<\/tr>\n<\/tbody>\n<\/table>\n<\/div>\n<p>Du gibst mir den Blues der sp\u00e4ten Jahre.<br \/>\nUnd ich sp\u00fcre die alten Wunden neu.<br \/>\nDu gibst mir den Blues<br \/>\nUnd ich f\u00fchle mich frei.<\/p>\n<p>Du gibst mir den Blues der sp\u00e4ten Jahre<br \/>\nUnd ich sp\u00fcre das alte Wunder neu.<br \/>\nDu gibst mir den Blues<br \/>\nUnd ich f\u00fchle mich frei.<\/p>\n<div style=\"margin-bottom: 1em;\">\n<table style=\"height: 40px;\" width=\"584\">\n<tbody>\n<tr>\n<td><span style=\"font-size: 80%;\">Ver\u00f6ffentlicht auf dem Album \u00abPidder &amp; Bhreng &#8211; Zeitzeichen\u00bb (2016)<\/span><\/td>\n<td style=\"text-align: right;\">\u21d0 <a href=\"http:\/\/pidder-und-bhreng.de\/?page_id=73\">Zum Titelverzeichnis<\/a><\/td>\n<\/tr>\n<tr>\n<td><span style=\"font-size: 80%;\"><strong>Pidder:<\/strong> Schlagzeug<br \/>\n<strong>Bhreng:<\/strong> Gesang, Piano, akustische Gitarre,<br \/>\nSologitarre, Bass, Bluesharmonika<\/span><\/td>\n<td style=\"text-align: right;\"><\/td>\n<\/tr>\n<\/tbody>\n<\/table>\n<\/div>\n","protected":false},"excerpt":{"rendered":"<p>Text u. Musik: Franz-Peter Osterkamp \u21d0 Zum Titelverzeichnis Du gibst mir den Blues der sp\u00e4ten Jahre. Und ich sp\u00fcre die alten Wunden neu. Du gibst mir den Blues Und ich f\u00fchle mich frei. Du gibst mir den Blues der sp\u00e4ten &hellip; <a href=\"http:\/\/pidder-und-bhreng.de\/?page_id=309\">Weiterlesen <span class=\"meta-nav\">&rarr;<\/span><\/a><\/p>\n","protected":false},"author":2,"featured_media":0,"parent":0,"menu_order":0,"comment_status":"closed","ping_status":"closed","template":"","meta":[],"_links":{"self":[{"href":"http:\/\/pidder-und-bhreng.de\/index.php?rest_route=\/wp\/v2\/pages\/309"}],"collection":[{"href":"http:\/\/pidder-und-bhreng.de\/index.php?rest_route=\/wp\/v2\/pages"}],"about":[{"href":"http:\/\/pidder-und-bhreng.de\/index.php?rest_route=\/wp\/v2\/types\/page"}],"author":[{"embeddable":true,"href":"http:\/\/pidder-und-bhreng.de\/index.php?rest_route=\/wp\/v2\/users\/2"}],"replies":[{"embeddable":true,"href":"http:\/\/pidder-und-bhreng.de\/index.php?rest_route=%2Fwp%2Fv2%2Fcomments&post=309"}],"version-history":[{"count":5,"href":"http:\/\/pidder-und-bhreng.de\/index.php?rest_route=\/wp\/v2\/pages\/309\/revisions"}],"predecessor-version":[{"id":366,"href":"http:\/\/pidder-und-bhreng.de\/index.php?rest_route=\/wp\/v2\/pages\/309\/revisions\/366"}],"wp:attachment":[{"href":"http:\/\/pidder-und-bhreng.de\/index.php?rest_route=%2Fwp%2Fv2%2Fmedia&parent=309"}],"curies":[{"name":"wp","href":"https:\/\/api.w.org\/{rel}","templated":true}]}}