{"id":300,"date":"2016-05-06T16:31:20","date_gmt":"2016-05-06T14:31:20","guid":{"rendered":"http:\/\/pidder-und-bhreng.de\/?page_id=300"},"modified":"2016-05-06T16:31:20","modified_gmt":"2016-05-06T14:31:20","slug":"talkshow","status":"publish","type":"page","link":"http:\/\/pidder-und-bhreng.de\/?page_id=300","title":{"rendered":"Talkshow"},"content":{"rendered":"<div style=\"margin-bottom: 1em;\">\n<table style=\"height: 40px;\" width=\"584\">\n<tbody>\n<tr>\n<td><span style=\"font-size: 80%;\">Text u. Musik: Franz-Peter Osterkamp<\/span><\/td>\n<td style=\"text-align: right;\">\u21d0 <a href=\"http:\/\/pidder-und-bhreng.de\/?page_id=73\">Zum Titelverzeichnis<\/a><\/td>\n<\/tr>\n<\/tbody>\n<\/table>\n<\/div>\n<p>Islamisten, brave Christen, Hinduisten, Judaisten,<br \/>\nAnh\u00e4nger von Sufis und von Zen,<br \/>\nLiberale und Soziale, Nationale, Klerikale,<br \/>\nEremiten aus dem Hohen Venn,<br \/>\nHausbesetzer, bl\u00f6de Schw\u00e4tzer, Volksverhetzer, Datennetzer:<br \/>\nAlle d\u00fcrfen ihre Meinung sagen.<br \/>\nAuch Veganer und Indianer, Hegelianer, Eisenbahner<br \/>\nstellen sich den wahren Menschheitsfragen.<\/p>\n<p>Ich liebe Talkshows \u2013 dort sieht man, was so abgeht in der Welt.<br \/>\nIch liebe Talkshows, weil Reden \u00fcber alles mir gef\u00e4llt.<br \/>\nIch liebe Talkshows \u2013 dort wird so manche harte Nuss geknackt.<br \/>\nIch liebe Talkshows \u2013 dort wird ein jedes hei\u00dfe Eisen angepackt!<\/p>\n<p>Warum sind B\u00fcrger nicht mehr interessiert<br \/>\nan Politik und B\u00fcrgermeisterwahlen?<br \/>\nIst die Jugend heut\u2018 noch f\u00fcr das Lernen motiviert?<br \/>\nSoll\u2019n auch Million\u00e4re Steuern zahlen?<br \/>\nIst Fleischkonsum noch angebracht?<br \/>\nWann greift ein Generalverdacht?<br \/>\nMacht Esoterik Menschen froh und gl\u00fccklich?<br \/>\nBraucht man ihn denn, den Mindestlohn?<br \/>\nWas ist eine Respektsperson?<br \/>\nLohnt sich das Sparen augenblicklich?<\/p>\n<p>Ich liebe Talkshows \u2026<\/p>\n<p>Seit langem schon verfolgt mich ein ganz gro\u00dfer Traum:<br \/>\nIch w\u00e4r\u2018 gern bei \u2018ner Talkshow mal dabei!<br \/>\nIch h\u00e4tte viel zu sagen, hielt\u2018 meine Zunge nicht im Zaum,<br \/>\nh\u00e4tt\u2018 eine klare Meinung, manchmal zwei.<br \/>\nIch w\u00fcrde eloquent parlieren, interessant argumentieren,<br \/>\nw\u00fcrd\u2018 stellen mich den schwierigsten Problemen.<br \/>\nUnd alle hielten mich f\u00fcr klug,<br \/>\nfrei von H\u00e4me, Lug und Trug,<br \/>\nund w\u00fcrden mich auch k\u00fcnftig wieder nehmen!<\/p>\n<p>Ich liebe Talkshows \u2026<\/p>\n<div style=\"margin-bottom: 1em;\">\n<table style=\"height: 40px;\" width=\"584\">\n<tbody>\n<tr>\n<td><span style=\"font-size: 80%;\">Ver\u00f6ffentlicht auf dem Album \u00abPidder &amp; Bhreng &#8211; Zeitzeichen\u00bb (2016)<\/span><\/td>\n<td style=\"text-align: right;\">\u21d0 <a href=\"http:\/\/pidder-und-bhreng.de\/?page_id=73\">Zum Titelverzeichnis<\/a><\/td>\n<\/tr>\n<tr>\n<td><span style=\"font-size: 80%;\"><strong>Bhreng:<\/strong> Gesang, Stimmen<\/span><\/td>\n<td style=\"text-align: right;\"><\/td>\n<\/tr>\n<\/tbody>\n<\/table>\n<\/div>\n","protected":false},"excerpt":{"rendered":"<p>Text u. Musik: Franz-Peter Osterkamp \u21d0 Zum Titelverzeichnis Islamisten, brave Christen, Hinduisten, Judaisten, Anh\u00e4nger von Sufis und von Zen, Liberale und Soziale, Nationale, Klerikale, Eremiten aus dem Hohen Venn, Hausbesetzer, bl\u00f6de Schw\u00e4tzer, Volksverhetzer, Datennetzer: Alle d\u00fcrfen ihre Meinung sagen. Auch &hellip; <a href=\"http:\/\/pidder-und-bhreng.de\/?page_id=300\">Weiterlesen <span class=\"meta-nav\">&rarr;<\/span><\/a><\/p>\n","protected":false},"author":2,"featured_media":0,"parent":0,"menu_order":0,"comment_status":"closed","ping_status":"closed","template":"","meta":[],"_links":{"self":[{"href":"http:\/\/pidder-und-bhreng.de\/index.php?rest_route=\/wp\/v2\/pages\/300"}],"collection":[{"href":"http:\/\/pidder-und-bhreng.de\/index.php?rest_route=\/wp\/v2\/pages"}],"about":[{"href":"http:\/\/pidder-und-bhreng.de\/index.php?rest_route=\/wp\/v2\/types\/page"}],"author":[{"embeddable":true,"href":"http:\/\/pidder-und-bhreng.de\/index.php?rest_route=\/wp\/v2\/users\/2"}],"replies":[{"embeddable":true,"href":"http:\/\/pidder-und-bhreng.de\/index.php?rest_route=%2Fwp%2Fv2%2Fcomments&post=300"}],"version-history":[{"count":4,"href":"http:\/\/pidder-und-bhreng.de\/index.php?rest_route=\/wp\/v2\/pages\/300\/revisions"}],"predecessor-version":[{"id":373,"href":"http:\/\/pidder-und-bhreng.de\/index.php?rest_route=\/wp\/v2\/pages\/300\/revisions\/373"}],"wp:attachment":[{"href":"http:\/\/pidder-und-bhreng.de\/index.php?rest_route=%2Fwp%2Fv2%2Fmedia&parent=300"}],"curies":[{"name":"wp","href":"https:\/\/api.w.org\/{rel}","templated":true}]}}