{"id":295,"date":"2016-05-06T16:30:24","date_gmt":"2016-05-06T14:30:24","guid":{"rendered":"http:\/\/pidder-und-bhreng.de\/?page_id=295"},"modified":"2016-05-06T16:30:24","modified_gmt":"2016-05-06T14:30:24","slug":"schwarzwaldmaedel","status":"publish","type":"page","link":"http:\/\/pidder-und-bhreng.de\/?page_id=295","title":{"rendered":"Schwarzwaldm\u00e4del"},"content":{"rendered":"<div style=\"margin-bottom: 1em;\">\n<table style=\"height: 40px;\" width=\"584\">\n<tbody>\n<tr>\n<td><span style=\"font-size: 80%;\">Text u. Musik: Franz-Peter Osterkamp<\/span><\/td>\n<td style=\"text-align: right;\">\u21d0 <a href=\"http:\/\/pidder-und-bhreng.de\/?page_id=73\">Zum Titelverzeichnis<\/a><\/td>\n<\/tr>\n<\/tbody>\n<\/table>\n<\/div>\n<p>Hey du, mein Schwarzwaldm\u00e4del,<br \/>\nwarum gehst du denn zur T\u00fcr?<br \/>\nZieht\u2019s dich hinaus in St\u00e4dtel?<br \/>\nBitte bleib\u2018 doch bei mir!<br \/>\nGrad eben hieltest du noch meine Hand,<br \/>\ndie schwarzen \u00c4uglein ham\u2019n das Herz mir verbrannt!<br \/>\nNun willst du pl\u00f6tzlich geh\u2019n \u2013<br \/>\nhey du, das kann ich nicht versteh\u2019n!<\/p>\n<p>M\u00e4del, liebes M\u00e4del, du kannst nicht einfach von mir zieh\u2019n!<br \/>\nIch hab\u2018 die Heimat mein verlassen, hab\u2018 keinen Koffer in Berlin.<br \/>\nHab\u2018 auch mein Herz nie in Heidelberg verlor\u2019n,<br \/>\ndie Mutter hat mcih im Rhein-Main-Gebiet gebor\u2019n .<br \/>\nJetzt h\u00e4ltst den T\u00fcrgriff du in deiner Hand,<br \/>\nl\u00e4sst mich zur\u00fcck im fremden Land!<\/p>\n<p>M\u00e4del aus Bad Griesbach,<br \/>\nich bin in dich verknallt!<br \/>\nAm Bahnhof, dort am Schlie\u00dffach,<br \/>\nverlor ich meinen Halt.<br \/>\nDort hast du mich so sehnend angeseh\u2019n<br \/>\nund ich lie\u00df sofort meinen Rucksack steh\u2019n<br \/>\nund folgte dir zum S\u00e4gem\u00fchlenwerk<br \/>\nda droben am Berg.<\/p>\n<p>Nun strebst du hin zur T\u00fcre,<br \/>\nschaust mich nicht mehr an.<br \/>\nWillst du, dass ich dich jetzt verliere?<br \/>\nIch bin doch ein sch\u00f6ner Mann,<br \/>\nverwende stets dezentes Herrenparf\u00fcm.<br \/>\nKomm, ich helf\u2018 dir aus dem Trachtenkost\u00fcm!<br \/>\nUnd dann, du s\u00fc\u00dfes M\u00e4del,<br \/>\nfang\u2019n wir ganz von vorne an!<\/p>\n<div style=\"margin-bottom: 1em;\">\n<table style=\"height: 40px;\" width=\"584\">\n<tbody>\n<tr>\n<td><span style=\"font-size: 80%;\">Ver\u00f6ffentlicht auf dem Album \u00abPidder &amp; Bhreng &#8211; Zeitzeichen\u00bb (2016)<\/span><\/td>\n<td style=\"text-align: right;\">\u21d0 <a href=\"http:\/\/pidder-und-bhreng.de\/?page_id=73\">Zum Titelverzeichnis<\/a><\/td>\n<\/tr>\n<tr>\n<td><span style=\"font-size: 80%;\"><strong>Pidder:<\/strong> Schlagzeug, Rhythmusgitarre, Sologitarre<br \/>\n<strong>Bhreng:<\/strong> Gesang, Stimmen, akustische Gitarre, Bass<\/span><\/td>\n<td style=\"text-align: right;\"><\/td>\n<\/tr>\n<\/tbody>\n<\/table>\n<\/div>\n","protected":false},"excerpt":{"rendered":"<p>Text u. Musik: Franz-Peter Osterkamp \u21d0 Zum Titelverzeichnis Hey du, mein Schwarzwaldm\u00e4del, warum gehst du denn zur T\u00fcr? Zieht\u2019s dich hinaus in St\u00e4dtel? Bitte bleib\u2018 doch bei mir! Grad eben hieltest du noch meine Hand, die schwarzen \u00c4uglein ham\u2019n das &hellip; <a href=\"http:\/\/pidder-und-bhreng.de\/?page_id=295\">Weiterlesen <span class=\"meta-nav\">&rarr;<\/span><\/a><\/p>\n","protected":false},"author":2,"featured_media":0,"parent":0,"menu_order":0,"comment_status":"closed","ping_status":"closed","template":"","meta":[],"_links":{"self":[{"href":"http:\/\/pidder-und-bhreng.de\/index.php?rest_route=\/wp\/v2\/pages\/295"}],"collection":[{"href":"http:\/\/pidder-und-bhreng.de\/index.php?rest_route=\/wp\/v2\/pages"}],"about":[{"href":"http:\/\/pidder-und-bhreng.de\/index.php?rest_route=\/wp\/v2\/types\/page"}],"author":[{"embeddable":true,"href":"http:\/\/pidder-und-bhreng.de\/index.php?rest_route=\/wp\/v2\/users\/2"}],"replies":[{"embeddable":true,"href":"http:\/\/pidder-und-bhreng.de\/index.php?rest_route=%2Fwp%2Fv2%2Fcomments&post=295"}],"version-history":[{"count":4,"href":"http:\/\/pidder-und-bhreng.de\/index.php?rest_route=\/wp\/v2\/pages\/295\/revisions"}],"predecessor-version":[{"id":372,"href":"http:\/\/pidder-und-bhreng.de\/index.php?rest_route=\/wp\/v2\/pages\/295\/revisions\/372"}],"wp:attachment":[{"href":"http:\/\/pidder-und-bhreng.de\/index.php?rest_route=%2Fwp%2Fv2%2Fmedia&parent=295"}],"curies":[{"name":"wp","href":"https:\/\/api.w.org\/{rel}","templated":true}]}}