{"id":18,"date":"2016-02-29T10:52:05","date_gmt":"2016-02-29T09:52:05","guid":{"rendered":"http:\/\/pidder-und-bhreng.de\/?page_id=18"},"modified":"2017-01-23T15:24:33","modified_gmt":"2017-01-23T14:24:33","slug":"diskografie","status":"publish","type":"page","link":"http:\/\/pidder-und-bhreng.de\/?page_id=18","title":{"rendered":"Diskografie"},"content":{"rendered":"<div>\n<table>\n<tbody>\n<tr>\n<td>\u21d0 <a href=\"http:\/\/pidder-und-bhreng.de\/?page_id=15\">\u00dcber uns..<\/a>.<\/td>\n<\/tr>\n<\/tbody>\n<\/table>\n<\/div>\n<table style=\"border: 1px solid white;\" width=\"584\">\n<tbody>\n<tr>\n<td style=\"border: 0;\" width=\"166\"><img decoding=\"async\" loading=\"lazy\" title=\"Cover des Albums Zeitzeichen\" src=\"http:\/\/pidder-und-bhreng.de\/wp-content\/uploads\/2016\/05\/zz_cover_reduced-150x150.jpg\" alt=\"Zeitzeichen - Cover\" width=\"150\" height=\"150\" \/><br \/>\n<img decoding=\"async\" loading=\"lazy\" title=\"Cover des Albums 30\/30\" src=\"http:\/\/pidder-und-bhreng.de\/wp-content\/uploads\/2016\/02\/frontside_small-150x150.jpg\" alt=\"Coverbild\" width=\"150\" height=\"150\" \/><\/td>\n<td style=\"border: 0; vertical-align: top;\">Mai 2016: Album <strong>\u00ab<a href=\"http:\/\/pidder-und-bhreng.de\/?page_id=50\">Zeitzeichen<\/a>\u00bb<\/strong> mit 12 Titeln aus eigener Feder\u00a0mit deutschen Texten. Alle St\u00fccke sind neu bzw. bisher noch nie \u00f6ffentlich pr\u00e4sentiert. Auch hier spielen wir alle Instrumente selbst, haben aber dieses Mal auf den Drum-Computer verzichtet und das Schlagzeug echt eingespielt.<br \/>\n2014 ver\u00f6ffentlichten wir unser Album <strong>\u00ab<a href=\"http:\/\/pidder-und-bhreng.de\/?page_id=82\">30\/30<\/a>\u00bb<\/strong> unter dem Namen <strong>Pidder &amp; Bhreng<\/strong>. Sie enth\u00e4lt Titel aus <strong>blueslok<\/strong>-Zeiten sowie bisher nicht ver\u00f6ffentlichtes \u00e4lteres und neueres Material.<br \/>\nAuf dieser CD spielten wir &#8211; Pidder u. Bhreng &#8211; alle Instrumente im Mehrspurverfahren selber ein. Das Schlagzeug wurde von einem Computerprogramm simuliert.<\/td>\n<\/tr>\n<\/tbody>\n<\/table>\n<hr \/>\n<table style=\"border: 1px solid white;\" width=\"584\">\n<tbody>\n<tr>\n<td style=\"border: 0;\" width=\"166\"><img decoding=\"async\" loading=\"lazy\" title=\"Cover der LP unseraans\" src=\"http:\/\/pidder-und-bhreng.de\/wp-content\/uploads\/2016\/02\/coverunseraans-150x150.jpg\" alt=\"coverbild\" width=\"150\" height=\"150\" \/><img decoding=\"async\" loading=\"lazy\" title=\"Cover der CD blueslok live\" src=\"http:\/\/pidder-und-bhreng.de\/wp-content\/uploads\/2016\/02\/coverlive-150x150.jpg\" alt=\"coverbild\" width=\"150\" height=\"150\" \/><\/td>\n<td style=\"border: 0; vertical-align: top;\">Unsere fr\u00fcheren musikalischen Aktivit\u00e4ten fanden u. a. in zwei Vinyl-LPs mit der Band <strong>blueslok<\/strong> ihren Niederschlag:<br \/>\n<strong>1983 &#8211; LP \u00abunseraans\u00bb:<\/strong> Blues, Boogie und Rock in s\u00fcdhessischer Mundart, alles Eigenkompositionen der Band. Zusammen mit Gerhard Leusch (Bass), Harry R\u00fcsseler (Schlagzeug) und Dieter Wagner (Piano).<br \/>\n<strong>1988 &#8211; LP \u00abblueslok live\u00bb:<\/strong> Ebenfalls (zum gr\u00f6\u00dften Teil) eine Mundart-LP. An zwei Abenden live in der Gie\u00dfener &#8222;Wundert\u00fcte&#8220; aufgenommen. Au\u00dfer uns beiden spielten Lutz Kr\u00fcger (Bass), Dieter Wagner (Piano) und Andreas Wessel (Schlagzeug) \u00a0mit.<\/td>\n<\/tr>\n<\/tbody>\n<\/table>\n","protected":false},"excerpt":{"rendered":"<p>\u21d0 \u00dcber uns&#8230; Mai 2016: Album \u00abZeitzeichen\u00bb mit 12 Titeln aus eigener Feder\u00a0mit deutschen Texten. Alle St\u00fccke sind neu bzw. bisher noch nie \u00f6ffentlich pr\u00e4sentiert. Auch hier spielen wir alle Instrumente selbst, haben aber dieses Mal auf den Drum-Computer verzichtet &hellip; <a href=\"http:\/\/pidder-und-bhreng.de\/?page_id=18\">Weiterlesen <span class=\"meta-nav\">&rarr;<\/span><\/a><\/p>\n","protected":false},"author":2,"featured_media":0,"parent":15,"menu_order":0,"comment_status":"closed","ping_status":"closed","template":"","meta":[],"_links":{"self":[{"href":"http:\/\/pidder-und-bhreng.de\/index.php?rest_route=\/wp\/v2\/pages\/18"}],"collection":[{"href":"http:\/\/pidder-und-bhreng.de\/index.php?rest_route=\/wp\/v2\/pages"}],"about":[{"href":"http:\/\/pidder-und-bhreng.de\/index.php?rest_route=\/wp\/v2\/types\/page"}],"author":[{"embeddable":true,"href":"http:\/\/pidder-und-bhreng.de\/index.php?rest_route=\/wp\/v2\/users\/2"}],"replies":[{"embeddable":true,"href":"http:\/\/pidder-und-bhreng.de\/index.php?rest_route=%2Fwp%2Fv2%2Fcomments&post=18"}],"version-history":[{"count":18,"href":"http:\/\/pidder-und-bhreng.de\/index.php?rest_route=\/wp\/v2\/pages\/18\/revisions"}],"predecessor-version":[{"id":470,"href":"http:\/\/pidder-und-bhreng.de\/index.php?rest_route=\/wp\/v2\/pages\/18\/revisions\/470"}],"up":[{"embeddable":true,"href":"http:\/\/pidder-und-bhreng.de\/index.php?rest_route=\/wp\/v2\/pages\/15"}],"wp:attachment":[{"href":"http:\/\/pidder-und-bhreng.de\/index.php?rest_route=%2Fwp%2Fv2%2Fmedia&parent=18"}],"curies":[{"name":"wp","href":"https:\/\/api.w.org\/{rel}","templated":true}]}}