{"id":15,"date":"2016-02-29T10:47:40","date_gmt":"2016-02-29T09:47:40","guid":{"rendered":"http:\/\/pidder-und-bhreng.de\/?page_id=15"},"modified":"2016-05-09T07:29:28","modified_gmt":"2016-05-09T05:29:28","slug":"ueber-uns","status":"publish","type":"page","link":"http:\/\/pidder-und-bhreng.de\/?page_id=15","title":{"rendered":"\u00dcber uns&#8230;"},"content":{"rendered":"<table>\n<tbody>\n<tr>\n<td><\/td>\n<td style=\"text-align: right;\"><a href=\"http:\/\/pidder-und-bhreng.de\/?page_id=18\">Diskografie<\/a> \u21d2<\/td>\n<\/tr>\n<\/tbody>\n<\/table>\n<p>Passiert ja selten, dass man sich \u00fcber 50 Jahre kennt. Noch seltener, dass man in all&#8216; den Jahren immer mal wieder zusammen Musik gemacht hat.<\/p>\n<p>Musikalisch begonnen hat\u2019s in den fr\u00fchen 1960er Jahren mit so einer Art Karaoke. Wir haben auf unseren Tonbandger\u00e4ten aktuelle Hits abgespielt und dazu gesungen und getrommelt. Also auf Keksdosen und so. Instrumente im eigentlichen Sinn hatten wir nicht. Die kamen dann sp\u00e4ter, mit unserer ersten richtigen Band, mit der wir zun\u00e4chst Songs gecovert und, nach diversen Umbesetzungen, auch eigene St\u00fccke gespielt haben. Das war so zwischen 1968 und 1970.<\/p>\n<p>Es folgten Jahre, in denen wir musikalisch wenig miteinander zu tun hatten. Mal abgesehen davon, dass wir bei unseren privaten Treffen immer mal wieder ein paar Songs auf der Gitarre spielten. Aber sonst war da nix.<\/p>\n<p>Das \u00e4nderte sich 1980. Da gr\u00fcndeten wir, zusammen mit Freunden, eine Band, die <strong>blueslok<\/strong>. Mit dieser Gruppe spielten wir Blues und Boogie, sp\u00e4ter auch rockige St\u00fccke, die meisten selbst geschrieben und getextet, viele in s\u00fcdhessischer Mundart.<br \/>\nBerufsbedingt l\u00f6ste sich die blueslok 1989 auf, und so war\u2019s mal wieder nix mit gemeinsamer Musik. Aber da gab\u2019s ja noch diesen Schwur, den wir uns sozusagen im Sandkasten schon gegeben hatten: Wenn wir mal beide im Ruhestand sind, machen wir wieder was mit Musik.<\/p>\n<p>Versprochen, getan. Ab November 2013 arbeiteten wir an unserem ersten gemeinsamen CD-Projekt <strong>\u201e<a href=\"http:\/\/pidder-und-bhreng.de\/?page_id=82\">30\/30<\/a>\u201c<\/strong>. Das Album ist eine komplette Eigenproduktion, seit Mai 2014 fertig und enth\u00e4lt neben neuem Material \u00e4ltere St\u00fccke.<\/p>\n<p>Ziemlich genau zwei Jahre sp\u00e4ter ist unser zweites Album fertig geworden. Es hei\u00dft <strong>\u201e<a href=\"http:\/\/pidder-und-bhreng.de\/?page_id=50\">Zeitzeichen<\/a>\u201c<\/strong> und enth\u00e4lt 12 Eigenkompositionen, meist ganz neue St\u00fccke, aber auch neu arrangierte Werke aus unserem <strong>\u201e<\/strong>Fundus<strong>\u201c<\/strong>, die bisher noch nie aufgenommen oder \u00f6ffentlich aufgef\u00fchrt wurden.<\/p>\n","protected":false},"excerpt":{"rendered":"<p>Diskografie \u21d2 Passiert ja selten, dass man sich \u00fcber 50 Jahre kennt. Noch seltener, dass man in all&#8216; den Jahren immer mal wieder zusammen Musik gemacht hat. Musikalisch begonnen hat\u2019s in den fr\u00fchen 1960er Jahren mit so einer Art Karaoke. &hellip; <a href=\"http:\/\/pidder-und-bhreng.de\/?page_id=15\">Weiterlesen <span class=\"meta-nav\">&rarr;<\/span><\/a><\/p>\n","protected":false},"author":2,"featured_media":0,"parent":0,"menu_order":0,"comment_status":"closed","ping_status":"closed","template":"sidebar-page.php","meta":[],"_links":{"self":[{"href":"http:\/\/pidder-und-bhreng.de\/index.php?rest_route=\/wp\/v2\/pages\/15"}],"collection":[{"href":"http:\/\/pidder-und-bhreng.de\/index.php?rest_route=\/wp\/v2\/pages"}],"about":[{"href":"http:\/\/pidder-und-bhreng.de\/index.php?rest_route=\/wp\/v2\/types\/page"}],"author":[{"embeddable":true,"href":"http:\/\/pidder-und-bhreng.de\/index.php?rest_route=\/wp\/v2\/users\/2"}],"replies":[{"embeddable":true,"href":"http:\/\/pidder-und-bhreng.de\/index.php?rest_route=%2Fwp%2Fv2%2Fcomments&post=15"}],"version-history":[{"count":10,"href":"http:\/\/pidder-und-bhreng.de\/index.php?rest_route=\/wp\/v2\/pages\/15\/revisions"}],"predecessor-version":[{"id":402,"href":"http:\/\/pidder-und-bhreng.de\/index.php?rest_route=\/wp\/v2\/pages\/15\/revisions\/402"}],"wp:attachment":[{"href":"http:\/\/pidder-und-bhreng.de\/index.php?rest_route=%2Fwp%2Fv2%2Fmedia&parent=15"}],"curies":[{"name":"wp","href":"https:\/\/api.w.org\/{rel}","templated":true}]}}